{"id":127,"date":"2011-11-18T01:53:35","date_gmt":"2011-11-18T01:53:35","guid":{"rendered":"http:\/\/www.signosis.openworks.gr\/wastereuse\/?page_id=127"},"modified":"2013-10-17T13:45:20","modified_gmt":"2013-10-17T13:45:20","slug":"action-2-initial-assessment-of-existing-aw-treatment-technologies-%e2%80%93-in-progress","status":"publish","type":"page","link":"https:\/\/it.wastereuse.eu\/?page_id=127","title":{"rendered":"Azione 2: Accertamento iniziale delle tecnologie di trattamento dei Rifiuti Agricoli gi\u00e0 esistenti \u2013 In Corso"},"content":{"rendered":"<p>Beneficiario Responsabile: <span style=\"text-decoration: underline;\">Technical University, Creta<\/span><\/p>\n<p>Saranno raccolte tutte le informazioni disponibili riguardanti i progetti finanziati che si basano sullo sviluppo di tecnologie di trattamento dei rifiuti agricoli nell&#8217;area mediterranea: cos\u00ec facendo si vuole aiutare la selezione della tecnologia pi\u00f9 adatta, meno dannosa per l&#8217;ambiente e pi\u00f9 a basso prezzo da usarsi per lo sviluppo di pratiche alternative di coltivazione per le principali colture ad elevato consumo di acqua nel Mediterraneo e specialmente in Spagna e in Italia.<\/p>\n<p>Tutte le informazioni saranno raccolte e catalogate in merito al tipo di rifiuto: tecnologia di trattamento; composizione del prodotto finale derivante dal rifiuto trattato; costi di trattamento\/operativi; benefici per l&#8217;ambiente; adattabilit\u00e0 per la produzione di colture (irrigazione e fertilizzazione). Sar\u00e0 condotta una valutazione preliminare per quanto riguarda l&#8217;uso potenziale dei rifiuti trattati (acque di scarto e compost), prendendo in considerazione la priorit\u00e0 d&#8217;uso e la convenienza al riguardo dei principali campi di applicazione all&#8217;interno del settore agricolo. Saranno anche raccolte e raggruppate le tecnologie sviluppate da altri attori, comprese quelle di PMI, frantoi, industrie vinicole, ecc.<\/p>\n","protected":false},"excerpt":{"rendered":"<p>Beneficiario Responsabile: Technical University, Creta Saranno raccolte tutte le informazioni disponibili riguardanti i progetti finanziati che si basano sullo sviluppo di tecnologie di trattamento dei rifiuti agricoli nell&#8217;area mediterranea: cos\u00ec facendo si vuole aiutare la selezione della tecnologia pi\u00f9 adatta, meno dannosa per l&#8217;ambiente e pi\u00f9 a basso prezzo da usarsi per lo sviluppo di [&hellip;]<\/p>\n","protected":false},"author":1,"featured_media":0,"parent":35,"menu_order":0,"comment_status":"open","ping_status":"closed","template":"","meta":[],"_links":{"self":[{"href":"https:\/\/it.wastereuse.eu\/index.php?rest_route=\/wp\/v2\/pages\/127"}],"collection":[{"href":"https:\/\/it.wastereuse.eu\/index.php?rest_route=\/wp\/v2\/pages"}],"about":[{"href":"https:\/\/it.wastereuse.eu\/index.php?rest_route=\/wp\/v2\/types\/page"}],"author":[{"embeddable":true,"href":"https:\/\/it.wastereuse.eu\/index.php?rest_route=\/wp\/v2\/users\/1"}],"replies":[{"embeddable":true,"href":"https:\/\/it.wastereuse.eu\/index.php?rest_route=%2Fwp%2Fv2%2Fcomments&post=127"}],"version-history":[{"count":3,"href":"https:\/\/it.wastereuse.eu\/index.php?rest_route=\/wp\/v2\/pages\/127\/revisions"}],"predecessor-version":[{"id":287,"href":"https:\/\/it.wastereuse.eu\/index.php?rest_route=\/wp\/v2\/pages\/127\/revisions\/287"}],"up":[{"embeddable":true,"href":"https:\/\/it.wastereuse.eu\/index.php?rest_route=\/wp\/v2\/pages\/35"}],"wp:attachment":[{"href":"https:\/\/it.wastereuse.eu\/index.php?rest_route=%2Fwp%2Fv2%2Fmedia&parent=127"}],"curies":[{"name":"wp","href":"https:\/\/api.w.org\/{rel}","templated":true}]}}