{"id":129,"date":"2011-11-18T01:54:40","date_gmt":"2011-11-18T01:54:40","guid":{"rendered":"http:\/\/www.signosis.openworks.gr\/wastereuse\/?page_id=129"},"modified":"2013-10-17T13:45:51","modified_gmt":"2013-10-17T13:45:51","slug":"action-4-development-of-alternative-agricultural-practices-lab-experiments-italy","status":"publish","type":"page","link":"https:\/\/it.wastereuse.eu\/?page_id=129","title":{"rendered":"Azione 4: Sviluppo di pratiche agricole alternative Esperimenti di laboratorio (Italia)"},"content":{"rendered":"<p>Beneficiario Responsabile: <span style=\"text-decoration: underline;\">Laboratorio Chimico CCIAA<\/span><\/p>\n<p>Anche la quarta fase comprende esperimenti di laboratorio volti alla valutazione dei rifiuti solidi lavorati (compost) e delle acque di scarico cos\u00ec ottenute dai diversi metodi\/tecnologie esaminate e valutate fino ad adesso, prendendo in considerazione la loro capacit\u00e0 di migliorare la qualit\u00e0 e la produzione della colture e i potenziali effetti sulle propriet\u00e0 del suolo. Infine, il beneficiario responsabile proporr\u00e0 nuovi metodi di coltivazione per alcune culture chiave coltivate in Italia.<\/p>\n<p>Questa fase comprende le seguenti attivit\u00e0:<\/p>\n<ol>\n<li><span style=\"text-decoration: underline;\">Valutazione delle propriet\u00e0 dei rifiuti solidi e delle acque di scarico<\/span> per quanto riguarda il loro effetto sul suolo e sulla crescita delle piante. Saranno portati avanti diversi esperimenti di laboratorio per considerare gli effetti dei rifiuti applicati sul suolo a scopo agricolo. Si prenderanno in considerazione diversi tipi di terreno e diversi rapporti di applicazione per coprire quanti pi\u00f9 casi possibili in Italia e nei Paesi del Mediterraneo. Per quanto riguarda il rapporto di applicazione, dal momento che i casi sono molto numerosi, gli scienziati si concentreranno su coltivazioni pilota (ortaggi e piante ornamentali) selezionate tra le pi\u00f9 comuni tra quelle coltivati in Spagna e che saranno poi usate per la fase di dimostrazione.<\/li>\n<li><span style=\"text-decoration: underline;\">Sviluppo di nuovi metodi di coltivazione.<\/span> I risultati ottenuti dopo la valutazione saranno usati per sviluppare specifiche pratiche agricole per le colture pi\u00f9 comuni coltivate in Spagna. La composizione chimica di rifiuti trattati e non trattati, gli effetti sulle propriet\u00e0 del suolo e sulla crescita delle piante, i fattori di germinazione e i fabbisogni della coltivazione saranno considerati per sviluppare le nuove pratiche di coltivazione. Avranno un significato importante i risultati riguardanti la capacit\u00e0 dei diversi tipi di suolo di trattenere o di rilasciare sostanze nutritive aggiunte tramite irrigazione\/fertilizzazione con i rifiuti: questi ultimi risultati saranno considerati allo scopo di adattare\u00a0 di conseguenza le pratiche agricole e per evitare una fertilizzazione eccessiva, degradazione del suolo e perdita d&#8217;acqua.<\/li>\n<\/ol>\n<p>&nbsp;<\/p>\n<p>Anche i rifiuti non lavorati saranno testati in laboratorio, secondo i metodi tradizionali di applicazione seguiti dagli agricoltori, e anche questi risultati rientreranno nella valutazione.<\/p>\n<p>Il beneficiario italiano sar\u00e0 responsabile della raccolta e del trasferimento dei rifiuti prodotti in Italia. Gli esperimenti saranno eseguiti nella sede del Laboratorio Chimico Merceologico appartenente alla Camera di Commercio di Savona in collaborazione con il CERSAA.<\/p>\n","protected":false},"excerpt":{"rendered":"<p>Beneficiario Responsabile: Laboratorio Chimico CCIAA Anche la quarta fase comprende esperimenti di laboratorio volti alla valutazione dei rifiuti solidi lavorati (compost) e delle acque di scarico cos\u00ec ottenute dai diversi metodi\/tecnologie esaminate e valutate fino ad adesso, prendendo in considerazione la loro capacit\u00e0 di migliorare la qualit\u00e0 e la produzione della colture e i potenziali [&hellip;]<\/p>\n","protected":false},"author":1,"featured_media":0,"parent":35,"menu_order":0,"comment_status":"open","ping_status":"closed","template":"","meta":[],"_links":{"self":[{"href":"https:\/\/it.wastereuse.eu\/index.php?rest_route=\/wp\/v2\/pages\/129"}],"collection":[{"href":"https:\/\/it.wastereuse.eu\/index.php?rest_route=\/wp\/v2\/pages"}],"about":[{"href":"https:\/\/it.wastereuse.eu\/index.php?rest_route=\/wp\/v2\/types\/page"}],"author":[{"embeddable":true,"href":"https:\/\/it.wastereuse.eu\/index.php?rest_route=\/wp\/v2\/users\/1"}],"replies":[{"embeddable":true,"href":"https:\/\/it.wastereuse.eu\/index.php?rest_route=%2Fwp%2Fv2%2Fcomments&post=129"}],"version-history":[{"count":2,"href":"https:\/\/it.wastereuse.eu\/index.php?rest_route=\/wp\/v2\/pages\/129\/revisions"}],"predecessor-version":[{"id":289,"href":"https:\/\/it.wastereuse.eu\/index.php?rest_route=\/wp\/v2\/pages\/129\/revisions\/289"}],"up":[{"embeddable":true,"href":"https:\/\/it.wastereuse.eu\/index.php?rest_route=\/wp\/v2\/pages\/35"}],"wp:attachment":[{"href":"https:\/\/it.wastereuse.eu\/index.php?rest_route=%2Fwp%2Fv2%2Fmedia&parent=129"}],"curies":[{"name":"wp","href":"https:\/\/api.w.org\/{rel}","templated":true}]}}