{"id":13,"date":"2011-09-26T22:33:38","date_gmt":"2011-09-26T22:33:38","guid":{"rendered":"http:\/\/www.signosis.openworks.gr\/wastereuse\/?page_id=13"},"modified":"2013-10-17T13:54:44","modified_gmt":"2013-10-17T13:54:44","slug":"links","status":"publish","type":"page","link":"https:\/\/it.wastereuse.eu\/?page_id=13","title":{"rendered":"Links"},"content":{"rendered":"<p><b><i>I.<\/i><\/b><i> <b>Legislation related links<\/b><\/i><\/p>\n<p><a href=\"http:\/\/eur-lex.europa.eu\/LexUriServ\/LexUriServ.do?uri=CONSLEG:2000D0532:20020101:EN:PDF\" target=\"_blank\">COMMISSION DECISION of 3 May 2000 replacing Decision 94\/3\/EC establishing a list of wastes pursuant to Article 1(a) of Council Directive 75\/442\/EEC on waste and Council Decision 94\/904\/EC establishinga list of hazardous waste pursuant to Article 1(4) of Council Directive 91\/689\/EEC on hazardous waste (notified under document number C(2000) 1147) (Text with EEA relevance) (2000\/532\/EC) (OJ L 226, 6.9.2000, p. 3<\/a>)<\/p>\n<p><a href=\"http:\/\/ec.europa.eu\/environment\/waste\/framework\/\" target=\"_blank\">Directive 2008\/98\/EC on waste (Waste Framework Directive)<\/a><\/p>\n<p><a href=\"http:\/\/ec.europa.eu\/environment\/water\/water-framework\/\" target=\"_blank\">The EU Water Framework Directive &#8211; integrated river basin management for Europe<\/a><\/p>\n<p>&nbsp;<\/p>\n<p><b><i>II.<\/i><\/b><i> <b>International organizations Worldwide<\/b><\/i><\/p>\n<p><a href=\"http:\/\/www.fao.org\/home\/en\/\" target=\"_blank\">Food and Agriculture Organization of the United Nations (FAO)<\/a><\/p>\n<p><a href=\"http:\/\/www.cgiar.org\/\" target=\"_blank\">CGIAR &#8211; Consultative Group on International Agricultural Research<\/a><\/p>\n<p><a href=\"http:\/\/www.bioversityinternational.org\/\" target=\"_blank\">Bioversity International<\/a><\/p>\n<p><a href=\"http:\/\/www.acdivoca.org\/site\/id\/home\" target=\"_blank\">ACDI\/VOCA<\/a><\/p>\n<p><a href=\"http:\/\/www.winrock.org\/\" target=\"_blank\">WINROCK International<\/a><\/p>\n<p><a href=\"http:\/\/www.wto.org\/english\/tratop_e\/agric_e\/agric_e.htm\" target=\"_blank\">World Trade Organization \u2013 Agriculture<\/a><\/p>\n<p><span style=\"text-decoration: underline;\">\u00a0<\/span><\/p>\n<p><b><i>III.<\/i><\/b><i> <b>International Organizations of Regional Governments<\/b><\/i><\/p>\n<p><a href=\"http:\/\/www.eea.europa.eu\/\" target=\"_blank\">European Environment Agency (EEA)<\/a><\/p>\n<p><a href=\"http:\/\/www.pemsea.org\/\" target=\"_blank\">Partnerships in Environmental Management for the Seas of East Asia (PEMSEA)<\/a><\/p>\n<p><a href=\"http:\/\/ec.europa.eu\/dgs\/agriculture\/index_en.htm\" target=\"_blank\">Directorate-General for Agriculture and Rural Development<\/a><\/p>\n<p><span style=\"text-decoration: underline;\">\u00a0<\/span><\/p>\n<p><b><i>IV.<\/i><\/b><i> <b>International Organization of Local Governments<\/b><\/i><\/p>\n<p><a href=\"http:\/\/www.iclei.org\/\" target=\"_blank\">ICLEI &#8211; Local Governments for Sustainability<\/a><\/p>\n<p>&nbsp;<\/p>\n<p><b><i>V.<\/i><\/b><i> <b>List of Government organizations<\/b><\/i><\/p>\n<p>Australia:<\/p>\n<p><a href=\"http:\/\/www.environment.gov.au\/index.html\" target=\"_blank\">Department of Sustainability, Environment, Water, Population and Communities<\/a><\/p>\n<p>Austria:<\/p>\n<p><a href=\"http:\/\/www.lebensministerium.at\/\" target=\"_blank\">The Ministry of Life<\/a><\/p>\n<p>Belgium:<\/p>\n<p><a href=\"http:\/\/en.vmm.be\/\" target=\"_blank\">Flemish Environment Agency (VMM)<\/a><\/p>\n<p>Bulgaria:<\/p>\n<p><a href=\"http:\/\/eea.government.bg\/en\" target=\"_blank\">Executive Environment Agency<\/a><\/p>\n<p>Brazil:<\/p>\n<p><a href=\"http:\/\/www.ibama.gov.br\/\" target=\"_blank\">Brazilian Institute of Environment and Renewable Natural Resources (IBAMA)<\/a><\/p>\n<p>Cyprus:<\/p>\n<p><a href=\"http:\/\/www.moa.gov.cy\/moa\/agriculture.nsf\/index_en\/index_en\" target=\"_blank\">Ministry of Agriculture, Natural Resources and Environment<\/a><\/p>\n<p>Canada:<\/p>\n<p><a href=\"http:\/\/www.agr.gc.ca\/index_e.php\" target=\"_blank\">Agriculture and Agri-Food Canada<\/a><\/p>\n<p>Czech Republic:<\/p>\n<p><a href=\"http:\/\/www.mzp.cz\/en\/\" target=\"_blank\">Ministry of the Environment of the Czech Republic<\/a><\/p>\n<p>Denmark:<\/p>\n<p><a href=\"http:\/\/www.mim.dk\/eng\/\" target=\"_blank\">Danish Ministry of the Environment<\/a><\/p>\n<p>Estonia:<\/p>\n<p><a href=\"http:\/\/www.envir.ee\/67244\" target=\"_blank\">Ministry of the environment<\/a><\/p>\n<p>Finland:<\/p>\n<p><a href=\"http:\/\/www.syke.fi\/en-US\" target=\"_blank\">Finnish Environment Institute \u2013 Syke<\/a><\/p>\n<p>Germany:<\/p>\n<p><a href=\"http:\/\/www.bmu.de\/en\/\" target=\"_blank\">The Federal Environment Ministry<\/a><\/p>\n<p><a href=\"http:\/\/www.bmu.de\/en\/bmu\/organisation\/federal-authorities\/federal-environment-agency\/\" target=\"_blank\">Federal Environment Agency \u2013 BMU<\/a><\/p>\n<p>Hungary:<\/p>\n<p><a href=\"http:\/\/www.kormany.hu\/en\/ministry-of-rural-development\" target=\"_blank\">Ministry of Rural Development<\/a><\/p>\n<p>Iceland:<\/p>\n<p><a href=\"http:\/\/www.land.is\/english\/\" target=\"_blank\">Soil Conservation Service of Iceland (SCSI, Landgr\u00e6\u00f0sla r\u00edkisins)<\/a><\/p>\n<p><a href=\"http:\/\/eng.umhverfisraduneyti.is\/\" target=\"_blank\">Ministry for the Environment and Natural Resources<\/a><\/p>\n<p><a href=\"http:\/\/www.ust.is\/the-environment-agency-of-iceland\/\" target=\"_blank\">The Environment Agency of Iceland \u2013 Umhverfisstofnun<\/a><\/p>\n<p>Ireland:<\/p>\n<p><a href=\"http:\/\/www.epa.ie\/irelandsenvironment\/\" target=\"_blank\">Environmental Protection Agency, Ireland<\/a><\/p>\n<p><a href=\"http:\/\/www.environ.ie\/en\/\" target=\"_blank\">Department of the Environment, Community and Local Government<\/a><\/p>\n<p>Italy:<\/p>\n<p><a href=\"http:\/\/www.minambiente.it\/\" target=\"_blank\">Ministero dell&#8217;Ambiente<\/a><\/p>\n<p>Latvia:<\/p>\n<p><a href=\"http:\/\/www.varam.gov.lv\/eng\" target=\"_blank\">Ministry of Environmental protection and regional development<\/a><\/p>\n<p>Lithuania:<\/p>\n<p><a href=\"http:\/\/gamta.lt\/cms\/index?lang=en\" target=\"_blank\">Environmental Protection Agency \u2013 AAA<\/a><\/p>\n<p><a href=\"http:\/\/www.am.lt\/VI\/en\/VI\/index.php\" target=\"_blank\">Ministry of Environment of the Republic of Lithuania<\/a><\/p>\n<p>Luxembourg:<\/p>\n<p><a href=\"http:\/\/www.gouvernement.lu\/ministeres\/developpement-durable-infrastructures.html\" target=\"_blank\">Minist\u00e8re du D\u00e9veloppement durable et des Infrastructures<\/a><\/p>\n<p>Malta:<\/p>\n<p><a href=\"http:\/\/www.mepa.org.mt\/home?l=1\" target=\"_blank\">MEPA &#8211; Malta Environment &amp; Planning Authority<\/a><\/p>\n<p>Norway:<\/p>\n<p><a href=\"http:\/\/www.regjeringen.no\/en\/dep\/lmd.html?id=627\" target=\"_blank\">Ministry of the Agriculture and Food<\/a><\/p>\n<p><a href=\"http:\/\/www.miljodirektoratet.no\/english\/\" target=\"_blank\">Norwegian Environment Agency &#8211; Milj\u00f8direktoratet<\/a><\/p>\n<p>Poland:<\/p>\n<p><a href=\"http:\/\/www.mos.gov.pl\/?j=en\" target=\"_blank\">Ministry of the Environment &#8211; Ministerstwo \u015arodowiska<\/a><\/p>\n<p>Romania:<\/p>\n<p><a href=\"http:\/\/www.mmediu.ro\/vechi\/departament_mediu_en\/climate_change.htm\" target=\"_blank\">Ministry of Environment &#8211; Environment Department<\/a><\/p>\n<p>Slovak Republic:<\/p>\n<p><a href=\"http:\/\/www.sazp.sk\/public\/index\/index.php?lang=en\" target=\"_blank\">Slovak Environmental Agency<\/a><\/p>\n<p>Slovenia:<\/p>\n<p><a href=\"http:\/\/www.arso.gov.si\/en\/%E2%80%8E\" target=\"_blank\">Slovenian Environment Agency<\/a><\/p>\n<p>Sweden:<\/p>\n<p><a href=\"http:\/\/www.swedishepa.se\/\" target=\"_blank\">Swedish Environmental Protection Agency<\/a><\/p>\n<p>Switzerland:<\/p>\n<p><a href=\"http:\/\/www.bafu.admin.ch\/en\" target=\"_blank\">Federal Office for the Environment FOEN &#8211; admin.ch<\/a><\/p>\n<p>UK:<\/p>\n<p><a href=\"http:\/\/www.wrap.org.uk\/\" target=\"_blank\">WRAP &#8211; Circular Economy &amp; Resource Efficiency Experts<\/a><\/p>\n<p><a href=\"http:\/\/www.defra.gov.uk\/\" target=\"_blank\">Defra &#8211; Department for Environment, Food and Rural Affairs<\/a><\/p>\n","protected":false},"excerpt":{"rendered":"<p>I. Legislation related links COMMISSION DECISION of 3 May 2000 replacing Decision 94\/3\/EC establishing a list of wastes pursuant to Article 1(a) of Council Directive 75\/442\/EEC on waste and Council Decision 94\/904\/EC establishinga list of hazardous waste pursuant to Article 1(4) of Council Directive 91\/689\/EEC on hazardous waste (notified under document number C(2000) 1147) (Text [&hellip;]<\/p>\n","protected":false},"author":1,"featured_media":0,"parent":0,"menu_order":0,"comment_status":"open","ping_status":"open","template":{"width":3264,"height":2448,"file":"2013\/12\/IMG_2688.jpg","sizes":{"thumbnail":{"file":"IMG_2688-150x150.jpg","width":150,"height":150,"mime-type":"image\/jpeg"},"medium":{"file":"IMG_2688-300x225.jpg","width":300,"height":225,"mime-type":"image\/jpeg"},"large":{"file":"IMG_2688-1024x768.jpg","width":1024,"height":768,"mime-type":"image\/jpeg"}},"image_meta":{"aperture":2.3999999999999999,"credit":"","camera":"iPhone 4S","caption":"","created_timestamp":1382720399,"copyright":"","focal_length":"4.28","iso":"50","shutter_speed":"0.003030303030303","title":""}},"meta":[],"_links":{"self":[{"href":"https:\/\/it.wastereuse.eu\/index.php?rest_route=\/wp\/v2\/pages\/13"}],"collection":[{"href":"https:\/\/it.wastereuse.eu\/index.php?rest_route=\/wp\/v2\/pages"}],"about":[{"href":"https:\/\/it.wastereuse.eu\/index.php?rest_route=\/wp\/v2\/types\/page"}],"author":[{"embeddable":true,"href":"https:\/\/it.wastereuse.eu\/index.php?rest_route=\/wp\/v2\/users\/1"}],"replies":[{"embeddable":true,"href":"https:\/\/it.wastereuse.eu\/index.php?rest_route=%2Fwp%2Fv2%2Fcomments&post=13"}],"version-history":[{"count":7,"href":"https:\/\/it.wastereuse.eu\/index.php?rest_route=\/wp\/v2\/pages\/13\/revisions"}],"predecessor-version":[{"id":308,"href":"https:\/\/it.wastereuse.eu\/index.php?rest_route=\/wp\/v2\/pages\/13\/revisions\/308"}],"wp:attachment":[{"href":"https:\/\/it.wastereuse.eu\/index.php?rest_route=%2Fwp%2Fv2%2Fmedia&parent=13"}],"curies":[{"name":"wp","href":"https:\/\/api.w.org\/{rel}","templated":true}]}}