{"id":139,"date":"2011-11-18T01:55:43","date_gmt":"2011-11-18T01:55:43","guid":{"rendered":"http:\/\/www.signosis.openworks.gr\/wastereuse\/?page_id=139"},"modified":"2013-10-17T13:46:01","modified_gmt":"2013-10-17T13:46:01","slug":"action-5-demonstration-%e2%80%93-spain","status":"publish","type":"page","link":"https:\/\/it.wastereuse.eu\/?page_id=139","title":{"rendered":"Azione 5: Dimostrazione \u2013 Spagna"},"content":{"rendered":"<p>Responsabile Beneficiario: <span style=\"text-decoration: underline;\">Centro de Edafolog\u00eda y Biolog\u00eda Aplicada del Segura (CEBAS)<\/span><\/p>\n<p>Lo scopo di questa quinta fase \u00e8 dimostrare la fattibilit\u00e0 dell&#8217;applicazione dei rifiuti trattati in pieno campo e nelle coltivazioni di serra. La durata di questa fase si aggirer\u00e0 sui due anni e durante questo periodo le pratiche agricole sviluppate durante la terza fase saranno implementate per le colture, che saranno coltivate in Spagna e che hanno significative<strong> esigenze idriche e nutrizionali<\/strong>. Questa fase comprende due sotto-categorie di dimostrazione:<\/p>\n<ol start=\"1\">\n<li>coltivazioni in pieno campo dove saranno coltivati cereali (orzo e\/o frumento o mais) e<\/li>\n<li>coltivazioni protette in serra , dove saranno coltivate specie orticole (lattuga, melone o pomodoro).<\/li>\n<\/ol>\n<p>Le coltivazioni saranno oggetto di rilievi per quanto riguarda la produzione, lo stato fitosanitario e il livello di crescita, le caratteristiche qualitative e quantitative, i costi di produzione, il consumo di acqua e sostanze nutritive, la qualit\u00e0 del suolo e la qualit\u00e0 del sottosuolo sia per le coltivazioni in pieno campo sia per\u00a0 quelle in serra.<\/p>\n","protected":false},"excerpt":{"rendered":"<p>Responsabile Beneficiario: Centro de Edafolog\u00eda y Biolog\u00eda Aplicada del Segura (CEBAS) Lo scopo di questa quinta fase \u00e8 dimostrare la fattibilit\u00e0 dell&#8217;applicazione dei rifiuti trattati in pieno campo e nelle coltivazioni di serra. La durata di questa fase si aggirer\u00e0 sui due anni e durante questo periodo le pratiche agricole sviluppate durante la terza fase [&hellip;]<\/p>\n","protected":false},"author":1,"featured_media":0,"parent":35,"menu_order":0,"comment_status":"open","ping_status":"closed","template":"","meta":[],"_links":{"self":[{"href":"https:\/\/it.wastereuse.eu\/index.php?rest_route=\/wp\/v2\/pages\/139"}],"collection":[{"href":"https:\/\/it.wastereuse.eu\/index.php?rest_route=\/wp\/v2\/pages"}],"about":[{"href":"https:\/\/it.wastereuse.eu\/index.php?rest_route=\/wp\/v2\/types\/page"}],"author":[{"embeddable":true,"href":"https:\/\/it.wastereuse.eu\/index.php?rest_route=\/wp\/v2\/users\/1"}],"replies":[{"embeddable":true,"href":"https:\/\/it.wastereuse.eu\/index.php?rest_route=%2Fwp%2Fv2%2Fcomments&post=139"}],"version-history":[{"count":3,"href":"https:\/\/it.wastereuse.eu\/index.php?rest_route=\/wp\/v2\/pages\/139\/revisions"}],"predecessor-version":[{"id":290,"href":"https:\/\/it.wastereuse.eu\/index.php?rest_route=\/wp\/v2\/pages\/139\/revisions\/290"}],"up":[{"embeddable":true,"href":"https:\/\/it.wastereuse.eu\/index.php?rest_route=\/wp\/v2\/pages\/35"}],"wp:attachment":[{"href":"https:\/\/it.wastereuse.eu\/index.php?rest_route=%2Fwp%2Fv2%2Fmedia&parent=139"}],"curies":[{"name":"wp","href":"https:\/\/api.w.org\/{rel}","templated":true}]}}