{"id":150,"date":"2011-11-18T01:58:48","date_gmt":"2011-11-18T01:58:48","guid":{"rendered":"http:\/\/www.signosis.openworks.gr\/wastereuse\/?page_id=150"},"modified":"2013-10-17T13:46:41","modified_gmt":"2013-10-17T13:46:41","slug":"action-9-dissemination","status":"publish","type":"page","link":"https:\/\/it.wastereuse.eu\/?page_id=150","title":{"rendered":"Azione 9: Divulgazione"},"content":{"rendered":"<p>Responsabile Beneficiario: Signosis Sprl.<\/p>\n<p>La strategia di divulgazione si svolger\u00e0 dall&#8217;inizio del progetto (durante il primo mese della creazione del sito internet) e si protrarr\u00e0 per la sua intera durata (fino al 48\u00b0 mese). Questa strategia,\u00a0 coerente e specifica,\u00a0 comprende una significativa serie di azioni volte a divulgare i risultati del progetto a tutti gli skateholder interessati.<\/p>\n<p>I risultati del progetto saranno presentati alla comunit\u00e0 scientifica, all&#8217;industria e ai policy maker. Il progetto mobiliter\u00e0 una rete comprensiva di altri gruppi di studio, comunicher\u00e0 i risultati della ricerca e si impegner\u00e0 ad un dialogo con gli stakeholder. Il progetto permetter\u00e0 un passaggio di conoscenze ed esperienze ai policy maker\u00a0 attraverso sinergia e collaborazione, per esempio tramite workshop e collegamenti con finanziatori privati e pubblici. Esso creer\u00e0 consapevolezza nei ricercatori attraverso pubblicazioni e presentazioni appositamente studiate e, al tempo stesso,\u00a0 saranno organizzati eventi speciali che aumenteranno la visibilit\u00e0 e lo sfruttamento dei risultati ottenuti.<\/p>\n<p>Saranno sviluppati un sito internet multimediale e un blog dove i risultati del progetto saranno accessibili in ogni momento.<\/p>\n<p>Il piano di divulgazione \u00e8 diviso in quattro gruppi di attivit\u00e0:<\/p>\n<p><span style=\"text-decoration: underline;\">a. Divulgazione agli stakeholder finanziatori nazionali<\/span><\/p>\n<p>Sono previsti quattro workshop durante gli ultimi due anni del progetto (uno in ogni Paese partecipante) allo scopo di presentare i risultati pi\u00f9 importanti. Si far\u00e0 attenzione specialmente ai seguenti temi: tecnologie innovative per il trattamento di rifiuti agricoli sviluppate all&#8217;interno dei territori dell&#8217;UE e principalmente nei Paesi mediterranei; riutilizzo dei rifiuti trattati nel settore agricolo; benefici ambientali, sociali ed economici; sviluppo agricolo; pratiche agricole alternative; protezione delle risorse naturali; produzione di colture sicure e di qualit\u00e0 elevata; opportunit\u00e0 di commercio dei prodotti agricoli ottenuti da pratiche alternative e altri temi specificatamente ambientali legati al riutilizzo dei rifiuti nell&#8217;agricoltura.<\/p>\n<p>Per di pi\u00f9, durante le fasi di dimostrazione 5 e 6, verranno organizzate visite degli agricoltori e dei policy maker (per esempio aziende fornitrici di fattori produttivi, compagnie di gestione dei rifiuti, governi centrali e locali e agenzie governative) nelle aree di dimostrazione in Spagna e in Italia.<\/p>\n<p>Sar\u00e0 prodotto materiale informativo che verr\u00e0 poi distribuito ai partecipanti dei workshops.<\/p>\n<p>I risultati del progetto saranno divulgati attraverso articoli su riviste scientifiche nazionali dedicate, comunicati stampa e attraverso la distribuzione di brevi d\u00e9pliant e brochure dettagliati contenenti gli obiettivi del progetto, i benefici, ecc., che saranno inviati alle autorit\u00e0 competenti, agli stakeholder, a diverse organizzazioni ambientali e al pubblico.<\/p>\n<p><span style=\"text-decoration: underline;\">b. Divulgazione alla Comunit\u00e0 Europea<\/span><\/p>\n<p>Durante l&#8217;ultimo anno del progetto verr\u00e0 organizzato un workshop in Belgio. Il suo scopo \u00e8 quello di divulgare i risultati ottenuti dopo l&#8217;implementazione delle attivit\u00e0 pilota in scala del progetto, per presentare le tecnologie suggerite e per proporre misure e provvedimenti che dovrebbero essere presi in considerazione per un uso sostenibile di rifiuti agricoli nel settore agricolo europeo, in conformit\u00e0 al tempo stesso al quadro legislativo europeo.<\/p>\n<p><span style=\"text-decoration: underline;\">c. Divulgazione alle autorit\u00e0 nazionali spagnole, italiane e greche<\/span><\/p>\n<p>I responsabili\u00a0 beneficiari per le fasi 8 e 9 e i membri dei Comitati del progetto presenteranno una relazione finale, comprendente le misure necessarie da adottare e le varie fasi, alle autorit\u00e0 nazionali italiane, spagnole e greche (cio\u00e8 ai Paesi mediterranei con una produzione agricola significativa). Il report sar\u00e0 pubblicato in sei lingue e distribuito alle autorit\u00e0 responsabili; si terranno incontri informativi per illustrare i risultati finali di progetto ai redattori delle polizze nazionali (cio\u00e8 autorit\u00e0 ministeriali\u00a0 agricole ed ambientali). Sar\u00e0 anche creata e poi distribuita alle autorit\u00e0 nazionali una relazione di stampo politico, che sar\u00e0 disponibile anche dal sito internet.<\/p>\n<p><span style=\"text-decoration: underline;\">d. Divulgazioni internazionale<\/span><\/p>\n<ul>\n<li>Il sito internet, il blog del progetto e tutte le informazioni ivi contenute costituiscono un&#8217;altra importante azione di divulgazione, oltre a un potente strumento di conoscenza per gli studiosi e per i policy maker .<\/li>\n<li>Pubblicazioni in riviste scientifiche internazionali.<\/li>\n<li>Presentazioni in convegni scientifici internazionali.<\/li>\n<\/ul>\n","protected":false},"excerpt":{"rendered":"<p>Responsabile Beneficiario: Signosis Sprl. La strategia di divulgazione si svolger\u00e0 dall&#8217;inizio del progetto (durante il primo mese della creazione del sito internet) e si protrarr\u00e0 per la sua intera durata (fino al 48\u00b0 mese). Questa strategia,\u00a0 coerente e specifica,\u00a0 comprende una significativa serie di azioni volte a divulgare i risultati del progetto a tutti gli [&hellip;]<\/p>\n","protected":false},"author":1,"featured_media":0,"parent":35,"menu_order":0,"comment_status":"open","ping_status":"closed","template":"","meta":[],"_links":{"self":[{"href":"https:\/\/it.wastereuse.eu\/index.php?rest_route=\/wp\/v2\/pages\/150"}],"collection":[{"href":"https:\/\/it.wastereuse.eu\/index.php?rest_route=\/wp\/v2\/pages"}],"about":[{"href":"https:\/\/it.wastereuse.eu\/index.php?rest_route=\/wp\/v2\/types\/page"}],"author":[{"embeddable":true,"href":"https:\/\/it.wastereuse.eu\/index.php?rest_route=\/wp\/v2\/users\/1"}],"replies":[{"embeddable":true,"href":"https:\/\/it.wastereuse.eu\/index.php?rest_route=%2Fwp%2Fv2%2Fcomments&post=150"}],"version-history":[{"count":3,"href":"https:\/\/it.wastereuse.eu\/index.php?rest_route=\/wp\/v2\/pages\/150\/revisions"}],"predecessor-version":[{"id":294,"href":"https:\/\/it.wastereuse.eu\/index.php?rest_route=\/wp\/v2\/pages\/150\/revisions\/294"}],"up":[{"embeddable":true,"href":"https:\/\/it.wastereuse.eu\/index.php?rest_route=\/wp\/v2\/pages\/35"}],"wp:attachment":[{"href":"https:\/\/it.wastereuse.eu\/index.php?rest_route=%2Fwp%2Fv2%2Fmedia&parent=150"}],"curies":[{"name":"wp","href":"https:\/\/api.w.org\/{rel}","templated":true}]}}