{"id":151,"date":"2011-11-18T01:59:02","date_gmt":"2011-11-18T01:59:02","guid":{"rendered":"http:\/\/www.signosis.openworks.gr\/wastereuse\/?page_id=151"},"modified":"2013-10-16T13:00:35","modified_gmt":"2013-10-16T13:00:35","slug":"action-10-networking","status":"publish","type":"page","link":"https:\/\/it.wastereuse.eu\/?page_id=151","title":{"rendered":"Azione 10: Networking"},"content":{"rendered":"<p>Responsabile Beneficiario: <span style=\"text-decoration: underline;\">Signosis Sprl.<\/span><\/p>\n<p>Le realizzazione di un network \u00e8 un parte essenziale del progetto e inizier\u00e0 gi\u00e0 durante il secondo mese. Il progetto incoragger\u00e0 la creazione di reti scientifiche internazionali per divulgare gli approcci innovativi nella societ\u00e0, in maniera pi\u00f9 efficace. Inoltre, \u201ctraducendo\u201d i risultati scientifici in un linguaggio adatto ai policy maker dar\u00e0 la possibilit\u00e0 ai policy maker di operare scelte in funzione dell&#8217;evidenza scientifica, un fatto che presenta un grande impatto sulla vita dei cittadini europei.<\/p>\n","protected":false},"excerpt":{"rendered":"<p>Responsabile Beneficiario: Signosis Sprl. Le realizzazione di un network \u00e8 un parte essenziale del progetto e inizier\u00e0 gi\u00e0 durante il secondo mese. Il progetto incoragger\u00e0 la creazione di reti scientifiche internazionali per divulgare gli approcci innovativi nella societ\u00e0, in maniera pi\u00f9 efficace. Inoltre, \u201ctraducendo\u201d i risultati scientifici in un linguaggio adatto ai policy maker dar\u00e0 [&hellip;]<\/p>\n","protected":false},"author":1,"featured_media":0,"parent":35,"menu_order":0,"comment_status":"open","ping_status":"closed","template":"","meta":[],"_links":{"self":[{"href":"https:\/\/it.wastereuse.eu\/index.php?rest_route=\/wp\/v2\/pages\/151"}],"collection":[{"href":"https:\/\/it.wastereuse.eu\/index.php?rest_route=\/wp\/v2\/pages"}],"about":[{"href":"https:\/\/it.wastereuse.eu\/index.php?rest_route=\/wp\/v2\/types\/page"}],"author":[{"embeddable":true,"href":"https:\/\/it.wastereuse.eu\/index.php?rest_route=\/wp\/v2\/users\/1"}],"replies":[{"embeddable":true,"href":"https:\/\/it.wastereuse.eu\/index.php?rest_route=%2Fwp%2Fv2%2Fcomments&post=151"}],"version-history":[{"count":4,"href":"https:\/\/it.wastereuse.eu\/index.php?rest_route=\/wp\/v2\/pages\/151\/revisions"}],"predecessor-version":[{"id":282,"href":"https:\/\/it.wastereuse.eu\/index.php?rest_route=\/wp\/v2\/pages\/151\/revisions\/282"}],"up":[{"embeddable":true,"href":"https:\/\/it.wastereuse.eu\/index.php?rest_route=\/wp\/v2\/pages\/35"}],"wp:attachment":[{"href":"https:\/\/it.wastereuse.eu\/index.php?rest_route=%2Fwp%2Fv2%2Fmedia&parent=151"}],"curies":[{"name":"wp","href":"https:\/\/api.w.org\/{rel}","templated":true}]}}