{"id":153,"date":"2011-11-18T02:01:34","date_gmt":"2011-11-18T02:01:34","guid":{"rendered":"http:\/\/www.signosis.openworks.gr\/wastereuse\/?page_id=153"},"modified":"2013-10-17T13:44:51","modified_gmt":"2013-10-17T13:44:51","slug":"action-12-after-life-communication-plan","status":"publish","type":"page","link":"https:\/\/it.wastereuse.eu\/?page_id=153","title":{"rendered":"Azione 12: Piano di Comunicazione post LIFE"},"content":{"rendered":"<p><strong>Responsabile Beneficiario: Signosis Sprl.<\/strong><\/p>\n<p>Con un costo pari a zero, la dodicesima fase inizier\u00e0 durante il quarantesimo mese e si prevede che possa essere completata entro il quarantottesimo mese. \u00c8 importante che sia garantita una divulgazione continua anche oltre il ciclo di vita del progetto, dal momento che \u00e8 gi\u00e0 stato anticipato che i risultati ottenuti contribuiranno in maniera significativa al miglioramento di tutto l\u2019ambiente per quanto riguarda (1) riciclaggio di componenti nutritive e acqua; (2) riutilizzo di rifiuti agricoli in agricoltura; (3) riduzione degli effetti negativi dovuti all\u2019utilizzo dei rifiuti; (4) conservazione delle risorse naturali.<\/p>\n<p>Perci\u00f2, il Responsabile Beneficiario svilupper\u00e0 un piano che assicurer\u00e0 la divulgazione e la potenziale implementazione dei risultati raggiunti dal progetto, attraverso i finanziatori e specialmente tramite Associazioni Agricole e Commerciali\/Industriali che hanno la possibilit\u00e0 di distribuire informazioni e nozioni tra i loro membri.<\/p>\n","protected":false},"excerpt":{"rendered":"<p>Responsabile Beneficiario: Signosis Sprl. Con un costo pari a zero, la dodicesima fase inizier\u00e0 durante il quarantesimo mese e si prevede che possa essere completata entro il quarantottesimo mese. \u00c8 importante che sia garantita una divulgazione continua anche oltre il ciclo di vita del progetto, dal momento che \u00e8 gi\u00e0 stato anticipato che i risultati [&hellip;]<\/p>\n","protected":false},"author":1,"featured_media":0,"parent":35,"menu_order":0,"comment_status":"open","ping_status":"closed","template":"","meta":[],"_links":{"self":[{"href":"https:\/\/it.wastereuse.eu\/index.php?rest_route=\/wp\/v2\/pages\/153"}],"collection":[{"href":"https:\/\/it.wastereuse.eu\/index.php?rest_route=\/wp\/v2\/pages"}],"about":[{"href":"https:\/\/it.wastereuse.eu\/index.php?rest_route=\/wp\/v2\/types\/page"}],"author":[{"embeddable":true,"href":"https:\/\/it.wastereuse.eu\/index.php?rest_route=\/wp\/v2\/users\/1"}],"replies":[{"embeddable":true,"href":"https:\/\/it.wastereuse.eu\/index.php?rest_route=%2Fwp%2Fv2%2Fcomments&post=153"}],"version-history":[{"count":3,"href":"https:\/\/it.wastereuse.eu\/index.php?rest_route=\/wp\/v2\/pages\/153\/revisions"}],"predecessor-version":[{"id":285,"href":"https:\/\/it.wastereuse.eu\/index.php?rest_route=\/wp\/v2\/pages\/153\/revisions\/285"}],"up":[{"embeddable":true,"href":"https:\/\/it.wastereuse.eu\/index.php?rest_route=\/wp\/v2\/pages\/35"}],"wp:attachment":[{"href":"https:\/\/it.wastereuse.eu\/index.php?rest_route=%2Fwp%2Fv2%2Fmedia&parent=153"}],"curies":[{"name":"wp","href":"https:\/\/api.w.org\/{rel}","templated":true}]}}