{"id":253,"date":"2013-09-29T20:54:30","date_gmt":"2013-09-29T20:54:30","guid":{"rendered":"https:\/\/it.wastereuse.eu\/?page_id=253"},"modified":"2013-10-17T14:35:46","modified_gmt":"2013-10-17T14:35:46","slug":"fase-10-networking","status":"publish","type":"page","link":"https:\/\/it.wastereuse.eu\/?page_id=253","title":{"rendered":"Azione 10: Networking"},"content":{"rendered":"<p>La deliverable &#8220;Realizzazione di un network tra i policy makers nei settori scientifico\/della ricerca\/industria\/mercato&#8221; \u00e8 relativa ad attivit\u00e0 di networking che verranno realizzate dai partner durante l&#8217;intera durata del progetto e al contempo verr\u00e0 messo a punto uno strumento di supporto poi oggetto di utilizzo per la promozione dei risultati di progetto all&#8217;interno del network costituito.<\/p>\n<p>L&#8217;azione 10 &#8211; Networking \u00e8 parte essenziale del progetto Wastereuse. Il task principale dell&#8217;Azione 10 \u00e8 l&#8217;identificazione delle persone giuste all&#8217;interno di ciascun gruppo di interesse e costruire una base solida di circa 30 individui che abbiano un interesse provato relativamente alle attivit\u00e0 svolta all&#8217;interno del progetto. Il principale meccanismo previsto per l&#8217;attivit\u00e0 di networking \u00e8 la realizzazione di una piattaforma di scambio attivo tra scienza\/ricerca &#8211; industria\/mercato &#8211; comunit\u00e0 dei policy makers.<\/p>\n<p>Questa deliverable \u00e8 ristretta ai partner e ai funzionari LIFE.<\/p>\n","protected":false},"excerpt":{"rendered":"<p>La deliverable &#8220;Realizzazione di un network tra i policy makers nei settori scientifico\/della ricerca\/industria\/mercato&#8221; \u00e8 relativa ad attivit\u00e0 di networking che verranno realizzate dai partner durante l&#8217;intera durata del progetto e al contempo verr\u00e0 messo a punto uno strumento di supporto poi oggetto di utilizzo per la promozione dei risultati di progetto all&#8217;interno del network [&hellip;]<\/p>\n","protected":false},"author":1,"featured_media":0,"parent":177,"menu_order":100,"comment_status":"open","ping_status":"closed","template":{"width":3264,"height":2448,"file":"2013\/12\/IMG_2688.jpg","sizes":{"thumbnail":{"file":"IMG_2688-150x150.jpg","width":150,"height":150,"mime-type":"image\/jpeg"},"medium":{"file":"IMG_2688-300x225.jpg","width":300,"height":225,"mime-type":"image\/jpeg"},"large":{"file":"IMG_2688-1024x768.jpg","width":1024,"height":768,"mime-type":"image\/jpeg"}},"image_meta":{"aperture":2.3999999999999999,"credit":"","camera":"iPhone 4S","caption":"","created_timestamp":1382720399,"copyright":"","focal_length":"4.28","iso":"50","shutter_speed":"0.003030303030303","title":""}},"meta":[],"_links":{"self":[{"href":"https:\/\/it.wastereuse.eu\/index.php?rest_route=\/wp\/v2\/pages\/253"}],"collection":[{"href":"https:\/\/it.wastereuse.eu\/index.php?rest_route=\/wp\/v2\/pages"}],"about":[{"href":"https:\/\/it.wastereuse.eu\/index.php?rest_route=\/wp\/v2\/types\/page"}],"author":[{"embeddable":true,"href":"https:\/\/it.wastereuse.eu\/index.php?rest_route=\/wp\/v2\/users\/1"}],"replies":[{"embeddable":true,"href":"https:\/\/it.wastereuse.eu\/index.php?rest_route=%2Fwp%2Fv2%2Fcomments&post=253"}],"version-history":[{"count":3,"href":"https:\/\/it.wastereuse.eu\/index.php?rest_route=\/wp\/v2\/pages\/253\/revisions"}],"predecessor-version":[{"id":311,"href":"https:\/\/it.wastereuse.eu\/index.php?rest_route=\/wp\/v2\/pages\/253\/revisions\/311"}],"up":[{"embeddable":true,"href":"https:\/\/it.wastereuse.eu\/index.php?rest_route=\/wp\/v2\/pages\/177"}],"wp:attachment":[{"href":"https:\/\/it.wastereuse.eu\/index.php?rest_route=%2Fwp%2Fv2%2Fmedia&parent=253"}],"curies":[{"name":"wp","href":"https:\/\/api.w.org\/{rel}","templated":true}]}}