{"id":37,"date":"2011-09-26T22:54:19","date_gmt":"2011-09-26T22:54:19","guid":{"rendered":"http:\/\/www.signosis.openworks.gr\/wastereuse\/?page_id=37"},"modified":"2011-11-28T01:22:18","modified_gmt":"2011-11-28T01:22:18","slug":"expected-results","status":"publish","type":"page","link":"https:\/\/it.wastereuse.eu\/?page_id=37","title":{"rendered":"Risultati attesi"},"content":{"rendered":"<p>Attraverso gli esperimenti di laboratorio e in modo particolare tramite le attivit\u00e0 di dimostrazione, il progetto porter\u00e0 a risultati pratici: nel concreto, esso offrir\u00e0 la possibilit\u00e0 di applicare ovunque le pratiche agricole sviluppate, coprendo i bisogni delle aree di implementazione, di altre regioni, ma anche dei Paesi del Mediterraneo. L&#8217;applicazione di tali pratiche sar\u00e0 comunque possibile dopo la valutazione in termini economici e di fattibilit\u00e0 tecnica e dopo il completamento del LCA e delle Analisi di Rischio.<\/p>\n<p>Si svilupperanno specifiche line guida e raccomandazioni allo scopo di:<\/p>\n<ul>\n<li>promuovere il riciclo dei rifiuti in sistemi produttivi che rispettano l\u2019ambiente e sono economicamente fattibili e sostenibili favorendo le molteplici funzioni dell\u2019agricoltura: prima di tutto i suoi aspetti sociali,\u00a0 culturali ed economici;<\/li>\n<li>preservare ed esaltare la fertilit\u00e0 del suolo;<\/li>\n<li>minimizzare l\u2019inquinamento di terreno, acqua e aria;<\/li>\n<li>assicurare una produzione sostenibile di raccolti sicuri e di alta qualit\u00e0;<\/li>\n<li>minimizzare gli effetti sulla salute umana e animale derivanti dalle pratiche di gestione dei rifiuti;<\/li>\n<li>promuovere la conservazione delle risorse naturali;<\/li>\n<li>promuovere e mantenere elevata diversit\u00e0 biologica negli agro-ecosistemi coinvolti e nelle aree circostanti.<\/li>\n<\/ul>\n<p>Considerando la suddivisione in fasi, i risultati previsti del progetto si possono cos\u00ec distinguere:<\/p>\n<p>&nbsp;<\/p>\n<p><strong>FASE 1 <em>\u2013 Monitoraggio del progetto con TUC<\/em><\/strong><\/p>\n<ul>\n<li>Cinque Report rivolti alla Comunit\u00e0 Europea (CE) (Report di Avvio, Report di Avanzamento Annuale e Biennale, Report Intermedio e Report Finale).<\/li>\n<li>Sviluppo di otto strumenti di gestione (timetable, documenti per la comunicazione tra i Beneficiari, questionario sull\u2019efficacia del management del progetto).<\/li>\n<\/ul>\n<p><strong>FASE 2 <em>\u2013 Valutazione iniziale delle tecnologie di trattamento dei rifiuti agricoli\u00a0 gi\u00e0 esistenti<\/em><\/strong><\/p>\n<ul>\n<li>Inventario completo di tutte le tecnologie disponibili per il trattamento dei rifiuti agricoli, raggruppate per livello di sviluppo (laboratorio, fase pilota, in scala naturale). L\u2019inventario sar\u00e0 caricato sul sito internet del progetto.<\/li>\n<li>Report con valutazione tecno-economica ambientale preliminare di tutte le tecnologie utilizzabili.<\/li>\n<li>Report comprendente gli indicatori di importanza per una valutazione quantitativa delle tecnologie di trattamento dei rifiuti agricoli.<\/li>\n<\/ul>\n<p><strong>FASE 3-<em> Sviluppo di pratiche agricole alternative \u2013 Esperimenti di laboratorio (Spagna)<\/em><\/strong><\/p>\n<ul>\n<li>Raccolta e\u00a0 analisi chimica di circa 30 campioni di rifiuti agricoli (allo stato grezzo e dopo il trattamento) di origini diverse.<\/li>\n<li>Analisi completa di dieci (10) campioni rappresentativi di terreno della Spagna e cinque (5) della Grecia.<\/li>\n<li>Valutazione dell\u2019effetto dei diversi rifiuti agricoli sulle propriet\u00e0 del suolo, sulla tolleranza delle piante e sulla produzione.<\/li>\n<li>Report comprendente una distinzione dei rifiuti trattati secondo i diversi tipi di tecnologie (materiale per la fase 5).<\/li>\n<li>Report comprendente i metodi sviluppati, gli effetti che andranno ad incidere sulle propriet\u00e0 del suolo e le Pratiche Alternative di Coltivazione per le colture maggiormente coltivate in Spagna e in altri paesi del Mediterraneo.<\/li>\n<\/ul>\n<p><strong>FASE 4 <em>\u2013 Sviluppo di pratiche alternative di coltivazione \u2013 Esperimenti di Laboratorio (Italia)<\/em><\/strong><\/p>\n<ul>\n<li>Raccolta e\u00a0 analisi chimica di circa 30 campioni di rifiuti agricoli di origini diverse.<\/li>\n<li>Analisi completa di dieci (10) campioni rappresentativi di terreno dell\u2019Italia e cinque (5) della Grecia.<\/li>\n<li>Valutazione dell\u2019effetto dei diversi rifiuti agricoli sulle propriet\u00e0 del suolo, sulla tolleranza delle piante e sulla produzione.<\/li>\n<li>Report comprendente una distinzione dei rifiuti trattati secondo i diversi tipi di tecnologie (materiale per la fase 6).<\/li>\n<li>Report comprendente i metodi sviluppati, gli effetti che andranno ad incidere sulle propriet\u00e0 del suolo e le Pratiche Alternative di Coltivazione per le colture maggiormente coltivate in Italia e in altri paesi del Mediterraneo.<\/li>\n<\/ul>\n<p>&nbsp;<\/p>\n<p><strong>FASE 5 \u2013 <em>Dimostrazione \u2013 Spagna<\/em><\/strong><\/p>\n<ul>\n<li>Due campi di dimostrazione in Spagna, uno in pieno campo (di quasi 2.500 m<sup>2<\/sup>) e uno in ambiente protetto di quasi 200 m<sup>2<\/sup>.<\/li>\n<li>Coltivazioni di cereali in pieno campo.<\/li>\n<li>Coltivazione di ortaggi in serra: i rifiuti agricoli saranno applicati in due dosi differenti, pi\u00f9 un controllo non trattato.<\/li>\n<li>Report riguardante\u00a0 metodi alternativi di coltivazione da applicarsi alle principali colture ottenute nelle condizioni climatiche spagnole.<\/li>\n<\/ul>\n<p><strong>FASE 6 &#8211; <em>Dimostrazione \u2013 Italia<\/em><\/strong><\/p>\n<ul>\n<li>Due aree pilota in Italia, uno in pieno campo (di quasi 2.500m<sup>2<\/sup>) e uno in ambiente protetto di quasi 200 m<sup>2<\/sup>.<\/li>\n<li>Coltivazione di ortaggi in pieno campo.<\/li>\n<li>Coltivazione in serra del basilico e di piante da coltivazione: i rifiuti agricoli saranno applicati a due dosi differenti pi\u00f9 un testimone non trattato.<\/li>\n<li>Report riguardante\u00a0 metodi alternativi di coltivazione da applicarsi alle principali colture ottenute nelle condizioni climatiche italiane.<\/li>\n<\/ul>\n<p><strong>FASE 7 \u2013 <em>LCA e Analisi del Rischio<\/em><\/strong><\/p>\n<ul>\n<li>Studio del LCA relativo ai casi inerenti le attivit\u00e0 di dimostrazione (report).<\/li>\n<li>Analisi del Rischio comprendente i parametri pi\u00f9 importanti tra quelli coinvolti negli studi di LCA (riscaldamento globale, acidificazione e potenziale di eutrofizzazione, ecc.) (report)<\/li>\n<li>Metodologia per l\u2019individuazione del <strong>carbon footprint<\/strong> (per mezzo della valutazione delle metodologie gi\u00e0 esistenti) (report).<\/li>\n<\/ul>\n<p>&nbsp;<\/p>\n<p><strong>FASE 8 <em>\u2013 Rifiuti agricoli trattati usati in agricoltura: termini e condizioni<\/em><\/strong><\/p>\n<ul>\n<li>Codice per le Pratiche di Gestione dei Rifiuti per Applicazioni in Campo Agricolo che offrir\u00e0 strumenti utili a prendere decisioni e comprender\u00e0 Pratiche Alternative di Coltivazione per le colture maggiormente coltivate nell\u2019area del Mediterraneo.<\/li>\n<li>Report comprendente azioni concrete, mezzi e misure conformi alle richieste legislative europee che devono essere prese in considerazione dai policy maker nell&#8217;area del Mediterraneo.<\/li>\n<li>Report comprendente norme legislative per la politica di riutilizzo di rifiuti agricoli.<\/li>\n<\/ul>\n<p><strong>FASE 9 \u2013 <em>Divulgazione<\/em><\/strong><\/p>\n<ul>\n<li>Quattro workshop (uno per ciascun Paese partecipante) pi\u00f9 una conferenza nel corso dell\u2019ultimo anno.<\/li>\n<li>Pubblicazioni scientifiche su riviste specialistiche internazionali (3-4 per ciascun partner da Regno Unito, Spagna e Italia) e partecipazione a conferenze internazionali (3-4 per ciascun partener da Regno Unito, Spagna e Italia).<\/li>\n<li>Pubblicazione Ufficiale contenente i risultati del progetto (in inglese, greco, spagnolo, francese e fiammingo).<\/li>\n<li>Un sito internet dal design innovativo, forum e blog che includeranno anche l\u2019area dei diversi partner.<\/li>\n<\/ul>\n<p><strong>FASE 10 \u2013 <em>Network<\/em><\/strong><\/p>\n<ul>\n<li>Istituzione di una rete attiva tra le comunit\u00e0 scientifiche\/di ricerca, quelle industriali\/di mercato e quelle dei redattori delle polizze. Si prevede che il numero dei partecipanti superi la trentina.<\/li>\n<\/ul>\n<p><strong>FASE 12 <em>\u2013 Piano di comunicazione post-LIFE<\/em><\/strong><\/p>\n<ul>\n<li>Si tratta di un piano che assicurer\u00e0 la divulgazione e la futura implementazione dei diversi risultati del progetto, tramite gli stakeholder e soprattutto tramite le Associazioni Agricole e di Mercato\/Industriali<\/li>\n<\/ul>\n","protected":false},"excerpt":{"rendered":"<p>Attraverso gli esperimenti di laboratorio e in modo particolare tramite le attivit\u00e0 di dimostrazione, il progetto porter\u00e0 a risultati pratici: nel concreto, esso offrir\u00e0 la possibilit\u00e0 di applicare ovunque le pratiche agricole sviluppate, coprendo i bisogni delle aree di implementazione, di altre regioni, ma anche dei Paesi del Mediterraneo. L&#8217;applicazione di tali pratiche sar\u00e0 comunque [&hellip;]<\/p>\n","protected":false},"author":1,"featured_media":0,"parent":2,"menu_order":0,"comment_status":"open","ping_status":"open","template":"","meta":[],"_links":{"self":[{"href":"https:\/\/it.wastereuse.eu\/index.php?rest_route=\/wp\/v2\/pages\/37"}],"collection":[{"href":"https:\/\/it.wastereuse.eu\/index.php?rest_route=\/wp\/v2\/pages"}],"about":[{"href":"https:\/\/it.wastereuse.eu\/index.php?rest_route=\/wp\/v2\/types\/page"}],"author":[{"embeddable":true,"href":"https:\/\/it.wastereuse.eu\/index.php?rest_route=\/wp\/v2\/users\/1"}],"replies":[{"embeddable":true,"href":"https:\/\/it.wastereuse.eu\/index.php?rest_route=%2Fwp%2Fv2%2Fcomments&post=37"}],"version-history":[{"count":3,"href":"https:\/\/it.wastereuse.eu\/index.php?rest_route=\/wp\/v2\/pages\/37\/revisions"}],"predecessor-version":[{"id":44,"href":"https:\/\/it.wastereuse.eu\/index.php?rest_route=\/wp\/v2\/pages\/37\/revisions\/44"}],"up":[{"embeddable":true,"href":"https:\/\/it.wastereuse.eu\/index.php?rest_route=\/wp\/v2\/pages\/2"}],"wp:attachment":[{"href":"https:\/\/it.wastereuse.eu\/index.php?rest_route=%2Fwp%2Fv2%2Fmedia&parent=37"}],"curies":[{"name":"wp","href":"https:\/\/api.w.org\/{rel}","templated":true}]}}