{"id":81,"date":"2011-10-10T21:11:18","date_gmt":"2011-10-10T21:11:18","guid":{"rendered":"http:\/\/www.signosis.openworks.gr\/wastereuse\/?page_id=81"},"modified":"2015-04-17T17:42:58","modified_gmt":"2015-04-17T17:42:58","slug":"cebas-csic-institute-www-cebas-csic-es","status":"publish","type":"page","link":"https:\/\/it.wastereuse.eu\/?page_id=81","title":{"rendered":"CEBAS-CSIC Institute (www.cebas.csic.es)"},"content":{"rendered":"<p><a href=\"http:\/\/www.wastereuse.eu\/wp-content\/uploads\/2011\/10\/csic.jpg\"><img decoding=\"async\" loading=\"lazy\" class=\"alignleft size-medium wp-image-119\" title=\"csic\" alt=\"\" src=\"http:\/\/www.wastereuse.eu\/wp-content\/uploads\/2011\/10\/csic-190x300.jpg\" width=\"190\" height=\"300\" srcset=\"https:\/\/it.wastereuse.eu\/wp-content\/uploads\/2011\/10\/csic-190x300.jpg 190w, https:\/\/it.wastereuse.eu\/wp-content\/uploads\/2011\/10\/csic.jpg 526w\" sizes=\"(max-width: 190px) 100vw, 190px\" \/><\/a>Lo scopo del CEBAS-CSIC (<a href=\"http:\/\/www.cebas.csic.es\/\" target=\"_blank\">www.cebas.csic.es<\/a>) \u00e8 contribuire a generare le conoscenze necessarie a migliorare la\u00a0 competitivit\u00e0, sviluppando strategie per ottenere la sostenibilit\u00e0 di risorse oggi insufficienti in aeree semiaride attraverso una loro gestione corretta, e rendendo possibile un\u2019agricoltura di qualit\u00e0 che fornisca prodotti sani e sicuri. Le ricerche condotte contribuiranno ad affrontare specifici problemi quali la scarsit\u00e0 d\u2019acqua, creare un ambiente migliore e contribuire a ridurre l\u2019effetto serra attraverso la preservazione delle componenti del suolo, della vegetazione e della materia organica.<\/p>\n<p>Un\u2019agricoltura sostenibile e di alta qualit\u00e0 che produce alimenti sani contribuir\u00e0 al progresso socio-economico e alla salvaguardia dell\u2019ambiente per le generazioni future.<\/p>\n<p><a href=\"http:\/\/iframewidth=560height=315src=https:\/\/www.youtube.com\/embed\/S_h2Z4zMH1Mframeborder=0allowfullscreen\/iframe\"><iframe loading=\"lazy\" src=\"https:\/\/www.youtube.com\/embed\/S_h2Z4zMH1M\" height=\"315\" width=\"560\" allowfullscreen=\"\" frameborder=\"0\"><\/iframe><\/a><\/p>\n<p><strong>Descrizione dell\u2019organizzazione del CSIC (www.csic.es) <\/strong><\/p>\n<p>Il CSIC (Agenzia di Stato) \u00e8 il Consiglio Nazionale Spagnolo di Ricerca e l\u2019organizzazione pubblica di ricerca pi\u00f9 vasta e pi\u00f9 importante in Spagna. Con i suoi 126 centri e 145 unit\u00e0 associate, \u00e8 presente in tutte le Regioni Autonome di Spagna. Lo scopo del CSIC \u00e8 promuovere, coordinare, sviluppare e divulgare ricerca tecnologica e scientifica multidisciplinare allo scopo di contribuire allo sviluppo economico, sociale e culturale e al progresso delle conoscenze. Inoltre il CSIC \u00e8 diretto a formare personale di ricerca e a svolgere attivit\u00e0 di consulenza per istituzioni pubbliche e private.<\/p>\n<p>&nbsp;<\/p>\n<p>Il CSIC \u00e8 suddiviso in otto aree scientifiche e tecnologiche:<\/p>\n<p>&nbsp;<\/p>\n<ul>\n<li>Scienze Umane e Scienze Sociali.<\/li>\n<li>Biologia e Biomedicina.<\/li>\n<li>Risorse Naturali.<\/li>\n<li>Scienze Agricole.<\/li>\n<li>Scienze e Tecnologie Fisiche.<\/li>\n<li>Scienze e Tecnologie Chimiche.<\/li>\n<li>Scienze e Tecnologie dei Materiali.<\/li>\n<li>Scienze e Tecnologie Alimentari.<\/li>\n<\/ul>\n<p><strong>Membri: <\/strong><\/p>\n<p>Dr. Carlos Garc\u00eda Izquierdo (Professore): PhD. Chimica<\/p>\n<p>Dr. M\u00aa Teresa Hern\u00e1ndez Fern\u00e1ndez (Professore): PhD. Chimica<\/p>\n<p>Dr. Jos\u00e9 Luis Moreno Ortego (Scienziato): PhD. Chimica<\/p>\n<p>Dr. Miguel A. S\u00e1nchez-Monedero (Scienziato): PhD. Chimica<\/p>\n<p>Dr. Margarita Ros Mu\u00f1oz (Scienziato): PhD. Chimica<\/p>\n<p><strong>Argomenti di ricerca<\/strong><\/p>\n<ol>\n<li>Sviluppare di strategie necessarie al miglioramento delle conoscenze sui meccanismi che guidano il processo\u00a0 di degradazione del suolo e della sua riabilitazione, particolarmente quelle del ciclo del carbonio.<\/li>\n<li>Ottenere bioindicatori sensibili per la qualit\u00e0 e la funzionalit\u00e0 del suolo biologico, basati sulla sua attivit\u00e0 microbica, biochimica (enzimologia) e biodiversit\u00e0.<\/li>\n<li>Riciclare nel suolo miglioramenti organici e il loro effetto sulla Carbon-sequestration.<\/li>\n<li>Compostaggio di Rifiuti Organici per usi in campo agricolo.<\/li>\n<\/ol>\n<p>&nbsp;<\/p>\n<p><strong>Importanti Borse di Studio<\/strong><\/p>\n<p><strong>\u00a0<\/strong><\/p>\n<p>1. Strategies to improve and protect soil quality from the disposal of olive oil mills wastes in the Mediterranean area (PROSODOL). Funding: LIFE+. Leading Scientist: Dr. Hose Luis Moreno Ortego. Duration: 1\/1\/2009 to 31\/12\/2012.<\/p>\n<p>2. Soil Protection in Mediterranean Areas through Cultivation of New Varieties of Almond Tree (PRO-SOIL). Funding: European Union (LIFE). Leading Scientist: D. Carlos Garc\u00eda Izquierdo. Duration: 1\/10\/2005 to 30\/09\/2008<\/p>\n<p>3. Land Farming: An effective technique for the low cost remediation of sewage sludge from oil refinery. Funding: REPSOL-YPF. Leading Scientist: Dr. Carlos Garc\u00eda Izquierdo. Duration: 2005-2008.<\/p>\n<p>4. Sustainable use of olive mill waste as organic soil amendment: Effect on the C sequestration and the crop yield and quality. Funding: Spanish Ministry of Science and Innovation (CICYT)<strong>. <\/strong>Duration: 2005-2008<strong>. <\/strong>Leading Scientist: M.A. S\u00e1nchez Monedero<\/p>\n<p>5. Utilization of organic wastes as an strategy for the remediation of degraded soil and reducing the green house effect in semiarid areas. Funding: Spanish Ministry of Science and Innovation CICYT. Duration: 2007-2010. Leading Scientist: M.T. Hern\u00e1ndez Fern\u00e1ndez<\/p>\n<p>6. Bioremediation of oil polluted soil through low-cost processes (composting and vermin-composting) Funding: Regional Government of Galicia. Duration: 2007-2010. Leading Scientist: C. Garc\u00eda and Domingo Perez.<\/p>\n<p><strong>Pubblicazioni selezionate. <\/strong><\/p>\n<p>1. Potential of olive mill wastes for soil C sequestration. Sanchez-Monedero, MA; Cayuela, ML; Mondini, C, et al. 2006. Waste Manag. 28: 767-773.<\/p>\n<p>2. An overview on olive mill wastes and their valorisation methods Author(s): Roig, A; Cayuela, ML; Sanchez-Monedero, MA. 2006. Waste Manag. 26: 960-969.<\/p>\n<p>3. Effect of hydrocarbon pollution on the microbial properties of a sandy and a clay soil Labud, V; Garcia, C; Hernandez, T. 2007. CHEMOSPHERE 66<strong>: <\/strong>1863-1871 4. Soil bioremediation: Combination of earthworms and compost for the ecological remediation of a hydrocarbon polluted soil. Ceccanti, B; Masciandaro, G; Garcia, C, et al. 2006. Water, air, soil polut. 177<strong>: <\/strong>383-397.<\/p>\n<p>5. Bioremediation by composting of heavy oil refinery sludge in semiarid conditions. Marin, JA; Moreno, JL; Hernandez, T, et al. 2006. Biodegradation 17<strong>: <\/strong>251-261<\/p>\n","protected":false},"excerpt":{"rendered":"<p>Lo scopo del CEBAS-CSIC (www.cebas.csic.es) \u00e8 contribuire a generare le conoscenze necessarie a migliorare la\u00a0 competitivit\u00e0, sviluppando strategie per ottenere la sostenibilit\u00e0 di risorse oggi insufficienti in aeree semiaride attraverso una loro gestione corretta, e rendendo possibile un\u2019agricoltura di qualit\u00e0 che fornisca prodotti sani e sicuri. Le ricerche condotte contribuiranno ad affrontare specifici problemi quali [&hellip;]<\/p>\n","protected":false},"author":1,"featured_media":0,"parent":24,"menu_order":0,"comment_status":"open","ping_status":"open","template":{"width":3264,"height":2448,"file":"2013\/12\/IMG_2688.jpg","sizes":{"thumbnail":{"file":"IMG_2688-150x150.jpg","width":150,"height":150,"mime-type":"image\/jpeg"},"medium":{"file":"IMG_2688-300x225.jpg","width":300,"height":225,"mime-type":"image\/jpeg"},"large":{"file":"IMG_2688-1024x768.jpg","width":1024,"height":768,"mime-type":"image\/jpeg"}},"image_meta":{"aperture":2.3999999999999999,"credit":"","camera":"iPhone 4S","caption":"","created_timestamp":1382720399,"copyright":"","focal_length":"4.28","iso":"50","shutter_speed":"0.003030303030303","title":""}},"meta":[],"_links":{"self":[{"href":"https:\/\/it.wastereuse.eu\/index.php?rest_route=\/wp\/v2\/pages\/81"}],"collection":[{"href":"https:\/\/it.wastereuse.eu\/index.php?rest_route=\/wp\/v2\/pages"}],"about":[{"href":"https:\/\/it.wastereuse.eu\/index.php?rest_route=\/wp\/v2\/types\/page"}],"author":[{"embeddable":true,"href":"https:\/\/it.wastereuse.eu\/index.php?rest_route=\/wp\/v2\/users\/1"}],"replies":[{"embeddable":true,"href":"https:\/\/it.wastereuse.eu\/index.php?rest_route=%2Fwp%2Fv2%2Fcomments&post=81"}],"version-history":[{"count":5,"href":"https:\/\/it.wastereuse.eu\/index.php?rest_route=\/wp\/v2\/pages\/81\/revisions"}],"predecessor-version":[{"id":350,"href":"https:\/\/it.wastereuse.eu\/index.php?rest_route=\/wp\/v2\/pages\/81\/revisions\/350"}],"up":[{"embeddable":true,"href":"https:\/\/it.wastereuse.eu\/index.php?rest_route=\/wp\/v2\/pages\/24"}],"wp:attachment":[{"href":"https:\/\/it.wastereuse.eu\/index.php?rest_route=%2Fwp%2Fv2%2Fmedia&parent=81"}],"curies":[{"name":"wp","href":"https:\/\/api.w.org\/{rel}","templated":true}]}}