{"id":83,"date":"2011-10-10T21:13:11","date_gmt":"2011-10-10T21:13:11","guid":{"rendered":"http:\/\/www.signosis.openworks.gr\/wastereuse\/?page_id=83"},"modified":"2015-04-17T17:41:40","modified_gmt":"2015-04-17T17:41:40","slug":"ce-r-s-a-a-%e2%80%93-centro-regionale-di-sperimentazione-e-assistenza-agricola","status":"publish","type":"page","link":"https:\/\/it.wastereuse.eu\/?page_id=83","title":{"rendered":"Ce.R.S.A.A. \u2013 Centro di Sperimentazione e Assistenza Agricola"},"content":{"rendered":"<p><a href=\"http:\/\/www.wastereuse.eu\/wp-content\/uploads\/2011\/10\/ccs.jpg\"><img decoding=\"async\" loading=\"lazy\" class=\"alignleft size-medium wp-image-121\" title=\"ccs\" alt=\"\" src=\"http:\/\/www.wastereuse.eu\/wp-content\/uploads\/2011\/10\/ccs-300x82.jpg\" width=\"300\" height=\"82\" srcset=\"https:\/\/it.wastereuse.eu\/wp-content\/uploads\/2011\/10\/ccs-300x82.jpg 300w, https:\/\/it.wastereuse.eu\/wp-content\/uploads\/2011\/10\/ccs-1024x280.jpg 1024w, https:\/\/it.wastereuse.eu\/wp-content\/uploads\/2011\/10\/ccs.jpg 1781w\" sizes=\"(max-width: 300px) 100vw, 300px\" \/><\/a>Fondato nel 1961, il Centro di Sperimentazione e Assistenza Agricola \u00e8 una azienda speciale della Camera di Commercio Industria Artigianato e Agricoltura di Savona. Si interessa di sperimentazione, dimostrazione, formazione e assistenza tecnica. Dispone di una superficie di 40.000 m2, di cui circa 10.000 m2 sono coperti con serre, tunnel e ombrari, di ampi locali adibiti ad ufficio, a sale per convegni e attivit\u00e0 didattiche e divulgative fino a circa 90 posti a sedere, nonch\u00e9 di un laboratorio per analisi fitopatologiche. Nella struttura \u00e8 integrato, inoltre, uno sportello che fornisce servizi di registro delle imprese. \u00c8 in fase di ampliamento strutturale il laboratorio fitopatologico e l\u2019azienda agraria e sperimentale.<\/p>\n<p><a href=\"http:\/\/iframewidth=560height=315src=https:\/\/www.youtube.com\/embed\/2jQTz4JUYJoframeborder=0allowfullscreen\/iframe\"><iframe loading=\"lazy\" src=\"https:\/\/www.youtube.com\/embed\/2jQTz4JUYJo\" height=\"315\" width=\"560\" allowfullscreen=\"\" frameborder=\"0\"><\/iframe><\/a><\/p>\n<p>I servizi offerti dal Centro sono numerosi e connessi con l\u2019elevata specializzazione delle diverse<\/p>\n<p>aree operative:<\/p>\n<ul>\n<li>prove sperimentali per la messa a punto di tecniche, fattori produttivi, innovazioni di prodotto e di processo nel settore della difesa delle colture, della nutrizione delle piante e per la valutazione dell\u2019impatto ambientale di processi produttivi;<\/li>\n<li>prove dimostrative relative ai risultati ottenuti dalla sperimentazione;<\/li>\n<li>consulenza agronomica e fitoiatrica;<\/li>\n<li>analisi fitopatologiche (diagnostica);<\/li>\n<li>trasferimento dell\u2019innovazione attraverso l\u2019organizzazione di incontri tecnici, convegni, corsi di formazione e di qualificazione<\/li>\n<\/ul>\n<p>Il Centro \u00e8 coinvolto attivamente in progetti nazionali ed internazionali relativi a tematiche di natura agro-ambientale e, ultimamente, a quelle inerenti l\u2019impiego di fonti di energia rinnovabili in<\/p>\n<p>agricoltura (Progetto Fl.O.R.Ener). Nello specifico negli ultimi anni ha partecipato ad oltre 50<\/p>\n<p>progetti, tra i quali si citano:<\/p>\n<p>LIFE04 ENV\/IT\/463 \u201cBIOMASS\u201d (coordinatore);<\/p>\n<p>LIFE07 ENV\/GR\/000280 \u201cPROSODOL\u201d (partner);<\/p>\n<p>LIFE09 ENV\/IT\/000067 \u201cSUMFLOWER\u201d (partner);<\/p>\n<p>INTERREG IIIC WEST PROMSTAP \u201cMYCOMON\u201d (coordinatore) e \u201cGEOQUALITY\u201d (partner);<\/p>\n<p>INTERREG IIIA \u2013 ALCOTRA \u201cSALVIE\u201d (partner);<\/p>\n<p>53 progetti dimostrativi dal 1994 al 2006 relativi ai Reg. CE 2078\/92 e Reg. CE 1257\/99 (coordinatore).<\/p>\n<p>Molta attenzione \u00e8 stata posta nella divulgazione dei risultati ottenuti con pi\u00f9 di 400 pubblicazioni scientifiche e divulgative su riviste nazionali ed internazionali.<br \/>\n<!--more--><\/p>\n<p>&nbsp;<\/p>\n<p>Per ulteriori informazioni:<\/p>\n<p>Sito internet: <a href=\"http:\/\/www.cersaa.it\/\">http:\/\/www.cersaa.it\/<\/a><\/p>\n<p>Tel. e fax: +390182554949<\/p>\n<p>Regione Rollo 98, Albenga (SV), Italia<\/p>\n","protected":false},"excerpt":{"rendered":"<p>Fondato nel 1961, il Centro di Sperimentazione e Assistenza Agricola \u00e8 una azienda speciale della Camera di Commercio Industria Artigianato e Agricoltura di Savona. Si interessa di sperimentazione, dimostrazione, formazione e assistenza tecnica. Dispone di una superficie di 40.000 m2, di cui circa 10.000 m2 sono coperti con serre, tunnel e ombrari, di ampi locali [&hellip;]<\/p>\n","protected":false},"author":1,"featured_media":0,"parent":24,"menu_order":0,"comment_status":"open","ping_status":"open","template":{"width":3264,"height":2448,"file":"2013\/12\/IMG_2688.jpg","sizes":{"thumbnail":{"file":"IMG_2688-150x150.jpg","width":150,"height":150,"mime-type":"image\/jpeg"},"medium":{"file":"IMG_2688-300x225.jpg","width":300,"height":225,"mime-type":"image\/jpeg"},"large":{"file":"IMG_2688-1024x768.jpg","width":1024,"height":768,"mime-type":"image\/jpeg"}},"image_meta":{"aperture":2.3999999999999999,"credit":"","camera":"iPhone 4S","caption":"","created_timestamp":1382720399,"copyright":"","focal_length":"4.28","iso":"50","shutter_speed":"0.003030303030303","title":""}},"meta":[],"_links":{"self":[{"href":"https:\/\/it.wastereuse.eu\/index.php?rest_route=\/wp\/v2\/pages\/83"}],"collection":[{"href":"https:\/\/it.wastereuse.eu\/index.php?rest_route=\/wp\/v2\/pages"}],"about":[{"href":"https:\/\/it.wastereuse.eu\/index.php?rest_route=\/wp\/v2\/types\/page"}],"author":[{"embeddable":true,"href":"https:\/\/it.wastereuse.eu\/index.php?rest_route=\/wp\/v2\/users\/1"}],"replies":[{"embeddable":true,"href":"https:\/\/it.wastereuse.eu\/index.php?rest_route=%2Fwp%2Fv2%2Fcomments&post=83"}],"version-history":[{"count":7,"href":"https:\/\/it.wastereuse.eu\/index.php?rest_route=\/wp\/v2\/pages\/83\/revisions"}],"predecessor-version":[{"id":349,"href":"https:\/\/it.wastereuse.eu\/index.php?rest_route=\/wp\/v2\/pages\/83\/revisions\/349"}],"up":[{"embeddable":true,"href":"https:\/\/it.wastereuse.eu\/index.php?rest_route=\/wp\/v2\/pages\/24"}],"wp:attachment":[{"href":"https:\/\/it.wastereuse.eu\/index.php?rest_route=%2Fwp%2Fv2%2Fmedia&parent=83"}],"curies":[{"name":"wp","href":"https:\/\/api.w.org\/{rel}","templated":true}]}}